{"id":47866,"date":"2023-04-17T14:58:03","date_gmt":"2023-04-17T11:58:03","guid":{"rendered":"https:\/\/olivagarden.com.tr\/?post_type=product&#038;p=47866"},"modified":"2023-08-14T17:41:09","modified_gmt":"2023-08-14T14:41:09","slug":"babil-6-kisilik-yemek-masasisandalye","status":"publish","type":"product","link":"https:\/\/olivagarden.com.tr\/az\/babil-6-kisilik-yemek-masasisandalye\/","title":{"rendered":"Babil 6 Ki\u015filik Yemek Masas\u0131&#038;Sandalye"},"content":{"rendered":"<table border=\"1\" cellspacing=\"5\" cellpadding=\"5\">\n<tbody>\n<tr>\n<th><\/th>\n<th>En<\/th>\n<th>Derinlik<\/th>\n<th>Boy<\/th>\n<\/tr>\n<tr>\n<td>Masa<\/td>\n<td>172 cm<\/td>\n<td>90 cm<\/td>\n<td>75 cm<\/td>\n<\/tr>\n<tr>\n<td>Sandalye<\/td>\n<td>58 cm<\/td>\n<td>58 cm<\/td>\n<td>85 cm<\/td>\n<\/tr>\n<\/tbody>\n<\/table>\n<p>&nbsp;<\/p>\n<p>\u25ba1.SINIF AL\u00dcM\u0130NYUM \u0130SKELET<\/p>\n<p>\u25baAFR\u0130KA TEAK \u0130ROKO A\u011eACI<\/p>\n<p>\u25ba\u0130SPANYOL ET\u0130S\u0130LK MARKA SU \u0130T\u0130C\u0130 KILIF<\/p>\n<p>\u25ba\u00d6M\u00dcR BOYU PASLANMAZLIK GARANT\u0130S\u0130<\/p>\n<p>\u25baG\u00dcNE\u015eE DAYANIKLI MATERYAL<\/p>\n<p>\u25baKOLAY TEM\u0130ZLENEB\u0130L\u0130R VE YIKANAB\u0130L\u0130R<\/p>\n<p>&nbsp;<\/p>\n<p>\u2022Babil\u00a0Ki\u015filik Yemek Masas\u0131&amp;Sandalye\u00a0grubumuz; ISO 9001\u00a0 kalite y\u00f6netim sistemine uygun \u00fcretilmi\u015ftir.<\/p>\n<p>&nbsp;<\/p>\n<p>\u2022Al\u00fcminyum iskelet \u00fczerine iroko a\u011fac\u0131ndan elde edilen ah\u015fap\u00a0kullan\u0131lm\u0131\u015ft\u0131r.<\/p>\n<p>&nbsp;<\/p>\n<p>\u2022\u0130roko her iklim ko\u015fuluna uygundur,\u00a0\u00a0uzun s\u00fcre bak\u0131m gerektirmez, \u00e7\u00fcr\u00fcme ve kurtlanma yapmaz.<\/p>\n<p>&nbsp;<\/p>\n<p>\u2022Elektrostatik toz f\u0131r\u0131n boya ile boyanan al\u00fcminyum\u00a0 iskelet; hafif\u00a0uzun \u00f6m\u00fcrl\u00fc\u00a0ve paslanmazd\u0131r.<\/p>\n<p>&nbsp;<\/p>\n<p>\u2022T\u00fcm \u00fcr\u00fcnlerimiz insan ergonomisine uygun; konfor,kalite,\u00a0uzun \u00f6m\u00fcrl\u00fc kullan\u0131m ve geri d\u00f6n\u00fc\u015f\u00fcm\u00a0g\u00f6z \u00f6n\u00fcne al\u0131narak tasarlanm\u0131\u015ft\u0131r.<\/p>\n<p>&nbsp;<\/p>\n<p>\u2022\u00dcretim a\u015famas\u0131 titizlikle y\u00fcr\u00fct\u00fclmekte ve kusursuz \u00fcr\u00fcnler kalite kontrolden ge\u00e7tikten sonra kullan\u0131ma sunulmaktad\u0131r.<\/p>\n<p>&nbsp;<\/p>\n<p>\u2022Bah\u00e7e, balkon, teras, havuz kenar\u0131, sahil, ofis ve ev i\u00e7i gibi t\u00fcm mekanlarda kullan\u0131m i\u00e7in uygundur.<\/p>\n","protected":false},"excerpt":{"rendered":"<p>Oliva Garden Bah\u00e7e ve Balkon Mobilyalar\u0131<\/p>\n","protected":false},"featured_media":47890,"comment_status":"open","ping_status":"closed","template":"","meta":{"_joinchat":[]},"product_brand":[],"product_cat":[76],"product_tag":[303],"class_list":{"0":"post-47866","1":"product","2":"type-product","3":"status-publish","4":"has-post-thumbnail","6":"product_cat-masa-takimi","7":"product_tag-aluminyum-bahce-mobilyasi","9":"first","10":"instock","11":"taxable","12":"shipping-taxable","13":"product-type-variable"},"_links":{"self":[{"href":"https:\/\/olivagarden.com.tr\/az\/wp-json\/wp\/v2\/product\/47866","targetHints":{"allow":["GET"]}}],"collection":[{"href":"https:\/\/olivagarden.com.tr\/az\/wp-json\/wp\/v2\/product"}],"about":[{"href":"https:\/\/olivagarden.com.tr\/az\/wp-json\/wp\/v2\/types\/product"}],"replies":[{"embeddable":true,"href":"https:\/\/olivagarden.com.tr\/az\/wp-json\/wp\/v2\/comments?post=47866"}],"version-history":[{"count":1,"href":"https:\/\/olivagarden.com.tr\/az\/wp-json\/wp\/v2\/product\/47866\/revisions"}],"predecessor-version":[{"id":47910,"href":"https:\/\/olivagarden.com.tr\/az\/wp-json\/wp\/v2\/product\/47866\/revisions\/47910"}],"wp:featuredmedia":[{"embeddable":true,"href":"https:\/\/olivagarden.com.tr\/az\/wp-json\/wp\/v2\/media\/47890"}],"wp:attachment":[{"href":"https:\/\/olivagarden.com.tr\/az\/wp-json\/wp\/v2\/media?parent=47866"}],"wp:term":[{"taxonomy":"product_brand","embeddable":true,"href":"https:\/\/olivagarden.com.tr\/az\/wp-json\/wp\/v2\/product_brand?post=47866"},{"taxonomy":"product_cat","embeddable":true,"href":"https:\/\/olivagarden.com.tr\/az\/wp-json\/wp\/v2\/product_cat?post=47866"},{"taxonomy":"product_tag","embeddable":true,"href":"https:\/\/olivagarden.com.tr\/az\/wp-json\/wp\/v2\/product_tag?post=47866"}],"curies":[{"name":"wp","href":"https:\/\/api.w.org\/{rel}","templated":true}]}}