{"id":52382,"date":"2023-08-17T14:16:46","date_gmt":"2023-08-17T11:16:46","guid":{"rendered":"https:\/\/olivagarden.com.tr\/?post_type=product&#038;p=52382"},"modified":"2025-12-07T16:33:00","modified_gmt":"2025-12-07T13:33:00","slug":"datca-oturma-grubu","status":"publish","type":"product","link":"https:\/\/olivagarden.com.tr\/az\/datca-oturma-grubu\/","title":{"rendered":"Dat\u00e7a Oturma Grubu"},"content":{"rendered":"<p>Oliva Garden Bah\u00e7e ve Balkon Mobilyalar\u0131 ma\u011fazam\u0131z Samsun Kirazl\u0131k&#8217;tad\u0131r.<\/p>\n","protected":false},"excerpt":{"rendered":"<p>Oliva Garden Bah\u00e7e ve Balkon Mobilyalar\u0131<\/p>\n","protected":false},"featured_media":52384,"comment_status":"open","ping_status":"closed","template":"","meta":{"_joinchat":[]},"product_brand":[],"product_cat":[78],"product_tag":[303],"class_list":{"0":"post-52382","1":"product","2":"type-product","3":"status-publish","4":"has-post-thumbnail","6":"product_cat-oturma-grubu","7":"product_tag-aluminyum-bahce-mobilyasi","9":"first","10":"instock","11":"taxable","12":"shipping-taxable","13":"product-type-simple"},"_links":{"self":[{"href":"https:\/\/olivagarden.com.tr\/az\/wp-json\/wp\/v2\/product\/52382","targetHints":{"allow":["GET"]}}],"collection":[{"href":"https:\/\/olivagarden.com.tr\/az\/wp-json\/wp\/v2\/product"}],"about":[{"href":"https:\/\/olivagarden.com.tr\/az\/wp-json\/wp\/v2\/types\/product"}],"replies":[{"embeddable":true,"href":"https:\/\/olivagarden.com.tr\/az\/wp-json\/wp\/v2\/comments?post=52382"}],"version-history":[{"count":2,"href":"https:\/\/olivagarden.com.tr\/az\/wp-json\/wp\/v2\/product\/52382\/revisions"}],"predecessor-version":[{"id":52420,"href":"https:\/\/olivagarden.com.tr\/az\/wp-json\/wp\/v2\/product\/52382\/revisions\/52420"}],"wp:featuredmedia":[{"embeddable":true,"href":"https:\/\/olivagarden.com.tr\/az\/wp-json\/wp\/v2\/media\/52384"}],"wp:attachment":[{"href":"https:\/\/olivagarden.com.tr\/az\/wp-json\/wp\/v2\/media?parent=52382"}],"wp:term":[{"taxonomy":"product_brand","embeddable":true,"href":"https:\/\/olivagarden.com.tr\/az\/wp-json\/wp\/v2\/product_brand?post=52382"},{"taxonomy":"product_cat","embeddable":true,"href":"https:\/\/olivagarden.com.tr\/az\/wp-json\/wp\/v2\/product_cat?post=52382"},{"taxonomy":"product_tag","embeddable":true,"href":"https:\/\/olivagarden.com.tr\/az\/wp-json\/wp\/v2\/product_tag?post=52382"}],"curies":[{"name":"wp","href":"https:\/\/api.w.org\/{rel}","templated":true}]}}