{"id":53220,"date":"2023-09-07T13:29:23","date_gmt":"2023-09-07T10:29:23","guid":{"rendered":"https:\/\/olivagarden.com.tr\/?post_type=product&#038;p=53220"},"modified":"2023-09-07T13:37:49","modified_gmt":"2023-09-07T10:37:49","slug":"majeste-masa-takimi","status":"publish","type":"product","link":"https:\/\/olivagarden.com.tr\/az\/majeste-masa-takimi\/","title":{"rendered":"Majeste Masa Tak\u0131m\u0131"},"content":{"rendered":"","protected":false},"excerpt":{"rendered":"<p>Oliva Garden Bah\u00e7e ve Balkon Mobilyalar\u0131<\/p>\n","protected":false},"featured_media":53211,"comment_status":"open","ping_status":"closed","template":"","meta":{"_joinchat":[]},"product_brand":[],"product_cat":[76],"product_tag":[305],"class_list":{"0":"post-53220","1":"product","2":"type-product","3":"status-publish","4":"has-post-thumbnail","6":"product_cat-masa-takimi","7":"product_tag-bambu-bahce-mobilyasi","9":"first","10":"instock","11":"taxable","12":"shipping-taxable","13":"product-type-simple"},"_links":{"self":[{"href":"https:\/\/olivagarden.com.tr\/az\/wp-json\/wp\/v2\/product\/53220","targetHints":{"allow":["GET"]}}],"collection":[{"href":"https:\/\/olivagarden.com.tr\/az\/wp-json\/wp\/v2\/product"}],"about":[{"href":"https:\/\/olivagarden.com.tr\/az\/wp-json\/wp\/v2\/types\/product"}],"replies":[{"embeddable":true,"href":"https:\/\/olivagarden.com.tr\/az\/wp-json\/wp\/v2\/comments?post=53220"}],"version-history":[{"count":1,"href":"https:\/\/olivagarden.com.tr\/az\/wp-json\/wp\/v2\/product\/53220\/revisions"}],"predecessor-version":[{"id":53237,"href":"https:\/\/olivagarden.com.tr\/az\/wp-json\/wp\/v2\/product\/53220\/revisions\/53237"}],"wp:featuredmedia":[{"embeddable":true,"href":"https:\/\/olivagarden.com.tr\/az\/wp-json\/wp\/v2\/media\/53211"}],"wp:attachment":[{"href":"https:\/\/olivagarden.com.tr\/az\/wp-json\/wp\/v2\/media?parent=53220"}],"wp:term":[{"taxonomy":"product_brand","embeddable":true,"href":"https:\/\/olivagarden.com.tr\/az\/wp-json\/wp\/v2\/product_brand?post=53220"},{"taxonomy":"product_cat","embeddable":true,"href":"https:\/\/olivagarden.com.tr\/az\/wp-json\/wp\/v2\/product_cat?post=53220"},{"taxonomy":"product_tag","embeddable":true,"href":"https:\/\/olivagarden.com.tr\/az\/wp-json\/wp\/v2\/product_tag?post=53220"}],"curies":[{"name":"wp","href":"https:\/\/api.w.org\/{rel}","templated":true}]}}