{"id":53432,"date":"2023-09-08T12:06:59","date_gmt":"2023-09-08T09:06:59","guid":{"rendered":"https:\/\/olivagarden.com.tr\/?post_type=product&#038;p=53432"},"modified":"2025-12-07T16:33:19","modified_gmt":"2025-12-07T13:33:19","slug":"servis-arabasi","status":"publish","type":"product","link":"https:\/\/olivagarden.com.tr\/az\/servis-arabasi\/","title":{"rendered":"Servis Arabas\u0131"},"content":{"rendered":"","protected":false},"excerpt":{"rendered":"<p>Oliva Garden Bah\u00e7e ve Balkon Mobilyalar\u0131<\/p>\n","protected":false},"featured_media":53434,"comment_status":"open","ping_status":"closed","template":"","meta":{"_joinchat":[]},"product_brand":[],"product_cat":[293],"product_tag":[305],"class_list":{"0":"post-53432","1":"product","2":"type-product","3":"status-publish","4":"has-post-thumbnail","6":"product_cat-servis-arabasi","7":"product_tag-bambu-bahce-mobilyasi","9":"first","10":"instock","11":"taxable","12":"shipping-taxable","13":"product-type-simple"},"_links":{"self":[{"href":"https:\/\/olivagarden.com.tr\/az\/wp-json\/wp\/v2\/product\/53432","targetHints":{"allow":["GET"]}}],"collection":[{"href":"https:\/\/olivagarden.com.tr\/az\/wp-json\/wp\/v2\/product"}],"about":[{"href":"https:\/\/olivagarden.com.tr\/az\/wp-json\/wp\/v2\/types\/product"}],"replies":[{"embeddable":true,"href":"https:\/\/olivagarden.com.tr\/az\/wp-json\/wp\/v2\/comments?post=53432"}],"version-history":[{"count":1,"href":"https:\/\/olivagarden.com.tr\/az\/wp-json\/wp\/v2\/product\/53432\/revisions"}],"predecessor-version":[{"id":53450,"href":"https:\/\/olivagarden.com.tr\/az\/wp-json\/wp\/v2\/product\/53432\/revisions\/53450"}],"wp:featuredmedia":[{"embeddable":true,"href":"https:\/\/olivagarden.com.tr\/az\/wp-json\/wp\/v2\/media\/53434"}],"wp:attachment":[{"href":"https:\/\/olivagarden.com.tr\/az\/wp-json\/wp\/v2\/media?parent=53432"}],"wp:term":[{"taxonomy":"product_brand","embeddable":true,"href":"https:\/\/olivagarden.com.tr\/az\/wp-json\/wp\/v2\/product_brand?post=53432"},{"taxonomy":"product_cat","embeddable":true,"href":"https:\/\/olivagarden.com.tr\/az\/wp-json\/wp\/v2\/product_cat?post=53432"},{"taxonomy":"product_tag","embeddable":true,"href":"https:\/\/olivagarden.com.tr\/az\/wp-json\/wp\/v2\/product_tag?post=53432"}],"curies":[{"name":"wp","href":"https:\/\/api.w.org\/{rel}","templated":true}]}}