{"id":48515,"date":"2023-04-18T08:58:39","date_gmt":"2023-04-18T05:58:39","guid":{"rendered":"https:\/\/olivagarden.com.tr\/?post_type=product&#038;p=48515"},"modified":"2023-08-16T11:58:49","modified_gmt":"2023-08-16T08:58:49","slug":"alacati-aluminyum-sezlong-fileli","status":"publish","type":"product","link":"https:\/\/olivagarden.com.tr\/en\/alacati-aluminyum-sezlong-fileli\/","title":{"rendered":"Ala\u00e7at\u0131 \u015eezlong (Fileli)"},"content":{"rendered":"<table border=\"1\" cellspacing=\"5\" cellpadding=\"5\">\n<tbody>\n<tr>\n<th><\/th>\n<th>En<\/th>\n<th>Derinlik<\/th>\n<th>Boy<\/th>\n<\/tr>\n<tr>\n<td>\u015eEZLONG<\/td>\n<td>195 cm<\/td>\n<td>68 cm<\/td>\n<td>32 cm<\/td>\n<\/tr>\n<\/tbody>\n<\/table>\n<p>\u25ba1.SINIF AL\u00dcM\u0130NYUM \u0130SKELET<\/p>\n<p>\u25ba\u0130THAL\u00a0UV DAYANIMLI F\u0130LE<\/p>\n<p>\u25ba\u00d6M\u00dcR BOYU PASLANMAZLIK GARANT\u0130S\u0130<\/p>\n<p>\u25baG\u00dcNE\u015eE DAYANIKLI MATERYAL<\/p>\n<p>\u25baKOLAY TEM\u0130ZLENEB\u0130L\u0130R VE YIKANAB\u0130L\u0130R<\/p>\n<p>&nbsp;<\/p>\n<p>\u2022Kol dayama \u00f6zelli\u011fi eklenen fileli \u015fezlong\u00a0 \u00a0; ISO 9001\u00a0 kalite y\u00f6netim sistemine uygun \u00fcretilmi\u015ftir.<\/p>\n<p>&nbsp;<\/p>\n<p>\u2022Al\u00fcminyum iskelet\u00a0 kullan\u0131lm\u0131\u015ft\u0131r.<\/p>\n<p>&nbsp;<\/p>\n<p>\u2022Elektrostatik toz f\u0131r\u0131n boya ile boyanan al\u00fcminyum\u00a0 iskelet; hafif\u00a0uzun \u00f6m\u00fcrl\u00fc\u00a0ve paslanmazd\u0131r.<\/p>\n<p>&nbsp;<\/p>\n<p>\u2022T\u00fcm \u00fcr\u00fcnlerimiz insan ergonomisine uygun; konfor,kalite,\u00a0uzun \u00f6m\u00fcrl\u00fc kullan\u0131m ve geri d\u00f6n\u00fc\u015f\u00fcm\u00a0g\u00f6z \u00f6n\u00fcne al\u0131narak tasarlanm\u0131\u015ft\u0131r.<\/p>\n<p>&nbsp;<\/p>\n<p>\u2022\u00dcretim a\u015famas\u0131 titizlikle y\u00fcr\u00fct\u00fclmekte ve kusursuz \u00fcr\u00fcnler kalite kontrolden ge\u00e7tikten sonra kullan\u0131ma sunulmaktad\u0131r.<\/p>\n<p>&nbsp;<\/p>\n<p>\u2022Bah\u00e7e, balkon, teras, havuz kenar\u0131 ve\u00a0sahil gibi t\u00fcm mekanlarda kullan\u0131m i\u00e7in uygundur.<\/p>\n","protected":false},"excerpt":{"rendered":"<p>Oliva Garden Bah\u00e7e ve Balkon Mobilyalar\u0131<\/p>\n","protected":false},"featured_media":48516,"comment_status":"open","ping_status":"closed","template":"","meta":{"_joinchat":[]},"product_brand":[],"product_cat":[156],"product_tag":[303],"class_list":{"0":"post-48515","1":"product","2":"type-product","3":"status-publish","4":"has-post-thumbnail","6":"product_cat-sezlong","7":"product_tag-aluminyum-bahce-mobilyasi","9":"first","10":"instock","11":"taxable","12":"shipping-taxable","13":"product-type-variable"},"_links":{"self":[{"href":"https:\/\/olivagarden.com.tr\/en\/wp-json\/wp\/v2\/product\/48515","targetHints":{"allow":["GET"]}}],"collection":[{"href":"https:\/\/olivagarden.com.tr\/en\/wp-json\/wp\/v2\/product"}],"about":[{"href":"https:\/\/olivagarden.com.tr\/en\/wp-json\/wp\/v2\/types\/product"}],"replies":[{"embeddable":true,"href":"https:\/\/olivagarden.com.tr\/en\/wp-json\/wp\/v2\/comments?post=48515"}],"version-history":[{"count":4,"href":"https:\/\/olivagarden.com.tr\/en\/wp-json\/wp\/v2\/product\/48515\/revisions"}],"predecessor-version":[{"id":52346,"href":"https:\/\/olivagarden.com.tr\/en\/wp-json\/wp\/v2\/product\/48515\/revisions\/52346"}],"wp:featuredmedia":[{"embeddable":true,"href":"https:\/\/olivagarden.com.tr\/en\/wp-json\/wp\/v2\/media\/48516"}],"wp:attachment":[{"href":"https:\/\/olivagarden.com.tr\/en\/wp-json\/wp\/v2\/media?parent=48515"}],"wp:term":[{"taxonomy":"product_brand","embeddable":true,"href":"https:\/\/olivagarden.com.tr\/en\/wp-json\/wp\/v2\/product_brand?post=48515"},{"taxonomy":"product_cat","embeddable":true,"href":"https:\/\/olivagarden.com.tr\/en\/wp-json\/wp\/v2\/product_cat?post=48515"},{"taxonomy":"product_tag","embeddable":true,"href":"https:\/\/olivagarden.com.tr\/en\/wp-json\/wp\/v2\/product_tag?post=48515"}],"curies":[{"name":"wp","href":"https:\/\/api.w.org\/{rel}","templated":true}]}}