{"id":53505,"date":"2023-09-08T14:25:54","date_gmt":"2023-09-08T11:25:54","guid":{"rendered":"https:\/\/olivagarden.com.tr\/?post_type=product&#038;p=53505"},"modified":"2025-12-07T16:33:20","modified_gmt":"2025-12-07T13:33:20","slug":"akrobat-ciceklik","status":"publish","type":"product","link":"https:\/\/olivagarden.com.tr\/en\/akrobat-ciceklik\/","title":{"rendered":"Akrobat \u00c7i\u00e7eklik"},"content":{"rendered":"","protected":false},"excerpt":{"rendered":"<p>Oliva Garden Bah\u00e7e ve Balkon Mobilyalar\u0131<\/p>\n","protected":false},"featured_media":53506,"comment_status":"open","ping_status":"closed","template":"","meta":{"_joinchat":[]},"product_brand":[],"product_cat":[83],"product_tag":[305],"class_list":{"0":"post-53505","1":"product","2":"type-product","3":"status-publish","4":"has-post-thumbnail","6":"product_cat-aksesuar","7":"product_tag-bambu-bahce-mobilyasi","9":"first","10":"instock","11":"taxable","12":"shipping-taxable","13":"product-type-simple"},"_links":{"self":[{"href":"https:\/\/olivagarden.com.tr\/en\/wp-json\/wp\/v2\/product\/53505","targetHints":{"allow":["GET"]}}],"collection":[{"href":"https:\/\/olivagarden.com.tr\/en\/wp-json\/wp\/v2\/product"}],"about":[{"href":"https:\/\/olivagarden.com.tr\/en\/wp-json\/wp\/v2\/types\/product"}],"replies":[{"embeddable":true,"href":"https:\/\/olivagarden.com.tr\/en\/wp-json\/wp\/v2\/comments?post=53505"}],"version-history":[{"count":2,"href":"https:\/\/olivagarden.com.tr\/en\/wp-json\/wp\/v2\/product\/53505\/revisions"}],"predecessor-version":[{"id":53524,"href":"https:\/\/olivagarden.com.tr\/en\/wp-json\/wp\/v2\/product\/53505\/revisions\/53524"}],"wp:featuredmedia":[{"embeddable":true,"href":"https:\/\/olivagarden.com.tr\/en\/wp-json\/wp\/v2\/media\/53506"}],"wp:attachment":[{"href":"https:\/\/olivagarden.com.tr\/en\/wp-json\/wp\/v2\/media?parent=53505"}],"wp:term":[{"taxonomy":"product_brand","embeddable":true,"href":"https:\/\/olivagarden.com.tr\/en\/wp-json\/wp\/v2\/product_brand?post=53505"},{"taxonomy":"product_cat","embeddable":true,"href":"https:\/\/olivagarden.com.tr\/en\/wp-json\/wp\/v2\/product_cat?post=53505"},{"taxonomy":"product_tag","embeddable":true,"href":"https:\/\/olivagarden.com.tr\/en\/wp-json\/wp\/v2\/product_tag?post=53505"}],"curies":[{"name":"wp","href":"https:\/\/api.w.org\/{rel}","templated":true}]}}