{"id":53522,"date":"2023-09-08T14:27:46","date_gmt":"2023-09-08T11:27:46","guid":{"rendered":"https:\/\/olivagarden.com.tr\/?post_type=product&#038;p=53522"},"modified":"2025-12-07T16:30:00","modified_gmt":"2025-12-07T13:30:00","slug":"sallanir-sandalye","status":"publish","type":"product","link":"https:\/\/olivagarden.com.tr\/en\/sallanir-sandalye\/","title":{"rendered":"Sallan\u0131r Sandalye"},"content":{"rendered":"","protected":false},"excerpt":{"rendered":"<p>Oliva Garden Bah\u00e7e ve Balkon Mobilyalar\u0131<\/p>\n","protected":false},"featured_media":53525,"comment_status":"open","ping_status":"closed","template":"","meta":{"_joinchat":[]},"product_brand":[],"product_cat":[80,79],"product_tag":[305],"class_list":{"0":"post-53522","1":"product","2":"type-product","3":"status-publish","4":"has-post-thumbnail","6":"product_cat-sandalye","7":"product_cat-salincak","8":"product_tag-bambu-bahce-mobilyasi","10":"first","11":"instock","12":"taxable","13":"shipping-taxable","14":"product-type-simple"},"_links":{"self":[{"href":"https:\/\/olivagarden.com.tr\/en\/wp-json\/wp\/v2\/product\/53522","targetHints":{"allow":["GET"]}}],"collection":[{"href":"https:\/\/olivagarden.com.tr\/en\/wp-json\/wp\/v2\/product"}],"about":[{"href":"https:\/\/olivagarden.com.tr\/en\/wp-json\/wp\/v2\/types\/product"}],"replies":[{"embeddable":true,"href":"https:\/\/olivagarden.com.tr\/en\/wp-json\/wp\/v2\/comments?post=53522"}],"version-history":[{"count":1,"href":"https:\/\/olivagarden.com.tr\/en\/wp-json\/wp\/v2\/product\/53522\/revisions"}],"predecessor-version":[{"id":53537,"href":"https:\/\/olivagarden.com.tr\/en\/wp-json\/wp\/v2\/product\/53522\/revisions\/53537"}],"wp:featuredmedia":[{"embeddable":true,"href":"https:\/\/olivagarden.com.tr\/en\/wp-json\/wp\/v2\/media\/53525"}],"wp:attachment":[{"href":"https:\/\/olivagarden.com.tr\/en\/wp-json\/wp\/v2\/media?parent=53522"}],"wp:term":[{"taxonomy":"product_brand","embeddable":true,"href":"https:\/\/olivagarden.com.tr\/en\/wp-json\/wp\/v2\/product_brand?post=53522"},{"taxonomy":"product_cat","embeddable":true,"href":"https:\/\/olivagarden.com.tr\/en\/wp-json\/wp\/v2\/product_cat?post=53522"},{"taxonomy":"product_tag","embeddable":true,"href":"https:\/\/olivagarden.com.tr\/en\/wp-json\/wp\/v2\/product_tag?post=53522"}],"curies":[{"name":"wp","href":"https:\/\/api.w.org\/{rel}","templated":true}]}}