{"id":54524,"date":"2026-04-11T17:15:28","date_gmt":"2026-04-11T14:15:28","guid":{"rendered":"https:\/\/olivagarden.com.tr\/?post_type=product&#038;p=54524"},"modified":"2026-04-19T17:02:45","modified_gmt":"2026-04-19T14:02:45","slug":"madrid-kose-koltuk","status":"publish","type":"product","link":"https:\/\/olivagarden.com.tr\/en\/madrid-kose-koltuk\/","title":{"rendered":"Madrid K\u00f6\u015fe Tak\u0131m\u0131"},"content":{"rendered":"","protected":false},"excerpt":{"rendered":"","protected":false},"featured_media":54589,"comment_status":"open","ping_status":"closed","template":"","meta":{"_joinchat":[]},"product_brand":[],"product_cat":[78,77],"product_tag":[],"class_list":{"0":"post-54524","1":"product","2":"type-product","3":"status-publish","4":"has-post-thumbnail","6":"product_cat-oturma-grubu","7":"product_cat-kose-takimi","9":"first","10":"instock","11":"taxable","12":"shipping-taxable","13":"product-type-simple"},"_links":{"self":[{"href":"https:\/\/olivagarden.com.tr\/en\/wp-json\/wp\/v2\/product\/54524","targetHints":{"allow":["GET"]}}],"collection":[{"href":"https:\/\/olivagarden.com.tr\/en\/wp-json\/wp\/v2\/product"}],"about":[{"href":"https:\/\/olivagarden.com.tr\/en\/wp-json\/wp\/v2\/types\/product"}],"replies":[{"embeddable":true,"href":"https:\/\/olivagarden.com.tr\/en\/wp-json\/wp\/v2\/comments?post=54524"}],"version-history":[{"count":2,"href":"https:\/\/olivagarden.com.tr\/en\/wp-json\/wp\/v2\/product\/54524\/revisions"}],"predecessor-version":[{"id":54618,"href":"https:\/\/olivagarden.com.tr\/en\/wp-json\/wp\/v2\/product\/54524\/revisions\/54618"}],"wp:featuredmedia":[{"embeddable":true,"href":"https:\/\/olivagarden.com.tr\/en\/wp-json\/wp\/v2\/media\/54589"}],"wp:attachment":[{"href":"https:\/\/olivagarden.com.tr\/en\/wp-json\/wp\/v2\/media?parent=54524"}],"wp:term":[{"taxonomy":"product_brand","embeddable":true,"href":"https:\/\/olivagarden.com.tr\/en\/wp-json\/wp\/v2\/product_brand?post=54524"},{"taxonomy":"product_cat","embeddable":true,"href":"https:\/\/olivagarden.com.tr\/en\/wp-json\/wp\/v2\/product_cat?post=54524"},{"taxonomy":"product_tag","embeddable":true,"href":"https:\/\/olivagarden.com.tr\/en\/wp-json\/wp\/v2\/product_tag?post=54524"}],"curies":[{"name":"wp","href":"https:\/\/api.w.org\/{rel}","templated":true}]}}