{"id":48422,"date":"2023-04-17T18:31:44","date_gmt":"2023-04-17T15:31:44","guid":{"rendered":"https:\/\/olivagarden.com.tr\/?post_type=product&#038;p=48422"},"modified":"2025-12-07T16:30:23","modified_gmt":"2025-12-07T13:30:23","slug":"ankara-aluminyum-sallanir-sandalye","status":"publish","type":"product","link":"https:\/\/olivagarden.com.tr\/fr\/ankara-aluminyum-sallanir-sandalye\/","title":{"rendered":"Ankara Sallan\u0131r Sandalye"},"content":{"rendered":"<table border=\"1\" cellspacing=\"5\" cellpadding=\"5\">\n<tbody>\n<tr>\n<th><\/th>\n<th>En<\/th>\n<th>Derinlik<\/th>\n<th>Boy<\/th>\n<\/tr>\n<tr>\n<td>SALLANIR SANDALYE<\/td>\n<td>78 cm<\/td>\n<td>130 cm<\/td>\n<td>93 cm<\/td>\n<\/tr>\n<\/tbody>\n<\/table>\n<p>\u25ba1.SINIF AL\u00dcM\u0130NYUM \u0130SKELET<\/p>\n<p>\u25baERGONOM\u0130K VE RAHAT SALLANMA<\/p>\n<p>\u25ba\u00d6M\u00dcR BOYU PASLANMAZLIK GARANT\u0130S\u0130<\/p>\n<p>\u25baG\u00dcNE\u015eE DAYANIKLI MATERYAL<\/p>\n<p>\u25baKOLAY TEM\u0130ZLENEB\u0130L\u0130R VE YIKANAB\u0130L\u0130R<\/p>\n<p>&nbsp;<\/p>\n<p>\u2022Konfor ve keyfin birle\u015fti\u011fi ANKARA SALLANIR SANDALYE\u00a0 ; ISO 9001\u00a0 kalite y\u00f6netim sistemine uygun \u00fcretilmi\u015ftir.<\/p>\n<p>&nbsp;<\/p>\n<p>\u2022Al\u00fcminyum iskelet\u00a0 kullan\u0131lm\u0131\u015ft\u0131r.<\/p>\n<p>&nbsp;<\/p>\n<p>\u2022Elektrostatik toz f\u0131r\u0131n boya ile boyanan al\u00fcminyum\u00a0 iskelet; hafif\u00a0uzun \u00f6m\u00fcrl\u00fc\u00a0ve paslanmazd\u0131r.<\/p>\n<p>&nbsp;<\/p>\n<p>\u2022T\u00fcm \u00fcr\u00fcnlerimiz insan ergonomisine uygun; konfor,kalite,\u00a0uzun \u00f6m\u00fcrl\u00fc kullan\u0131m ve geri d\u00f6n\u00fc\u015f\u00fcm\u00a0g\u00f6z \u00f6n\u00fcne al\u0131narak tasarlanm\u0131\u015ft\u0131r.<\/p>\n<p>&nbsp;<\/p>\n<p>\u2022\u00dcretim a\u015famas\u0131 titizlikle y\u00fcr\u00fct\u00fclmekte ve kusursuz \u00fcr\u00fcnler kalite kontrolden ge\u00e7tikten sonra kullan\u0131ma sunulmaktad\u0131r.<\/p>\n<p>&nbsp;<\/p>\n<p>\u2022Bah\u00e7e, balkon, teras, havuz kenar\u0131 ve\u00a0sahil gibi t\u00fcm mekanlarda kullan\u0131m i\u00e7in uygundur.<\/p>\n","protected":false},"excerpt":{"rendered":"<p>Oliva Garden Bah\u00e7e ve Balkon Mobilyalar\u0131<\/p>\n","protected":false},"featured_media":48435,"comment_status":"open","ping_status":"closed","template":"","meta":{"_joinchat":[]},"product_brand":[],"product_cat":[80,79],"product_tag":[303],"class_list":{"0":"post-48422","1":"product","2":"type-product","3":"status-publish","4":"has-post-thumbnail","6":"product_cat-sandalye","7":"product_cat-salincak","8":"product_tag-aluminyum-bahce-mobilyasi","10":"first","11":"instock","12":"taxable","13":"shipping-taxable","14":"product-type-variable"},"_links":{"self":[{"href":"https:\/\/olivagarden.com.tr\/fr\/wp-json\/wp\/v2\/product\/48422","targetHints":{"allow":["GET"]}}],"collection":[{"href":"https:\/\/olivagarden.com.tr\/fr\/wp-json\/wp\/v2\/product"}],"about":[{"href":"https:\/\/olivagarden.com.tr\/fr\/wp-json\/wp\/v2\/types\/product"}],"replies":[{"embeddable":true,"href":"https:\/\/olivagarden.com.tr\/fr\/wp-json\/wp\/v2\/comments?post=48422"}],"version-history":[{"count":2,"href":"https:\/\/olivagarden.com.tr\/fr\/wp-json\/wp\/v2\/product\/48422\/revisions"}],"predecessor-version":[{"id":52341,"href":"https:\/\/olivagarden.com.tr\/fr\/wp-json\/wp\/v2\/product\/48422\/revisions\/52341"}],"wp:featuredmedia":[{"embeddable":true,"href":"https:\/\/olivagarden.com.tr\/fr\/wp-json\/wp\/v2\/media\/48435"}],"wp:attachment":[{"href":"https:\/\/olivagarden.com.tr\/fr\/wp-json\/wp\/v2\/media?parent=48422"}],"wp:term":[{"taxonomy":"product_brand","embeddable":true,"href":"https:\/\/olivagarden.com.tr\/fr\/wp-json\/wp\/v2\/product_brand?post=48422"},{"taxonomy":"product_cat","embeddable":true,"href":"https:\/\/olivagarden.com.tr\/fr\/wp-json\/wp\/v2\/product_cat?post=48422"},{"taxonomy":"product_tag","embeddable":true,"href":"https:\/\/olivagarden.com.tr\/fr\/wp-json\/wp\/v2\/product_tag?post=48422"}],"curies":[{"name":"wp","href":"https:\/\/api.w.org\/{rel}","templated":true}]}}