{"id":48440,"date":"2023-04-17T18:34:52","date_gmt":"2023-04-17T15:34:52","guid":{"rendered":"https:\/\/olivagarden.com.tr\/?post_type=product&#038;p=48440"},"modified":"2023-08-16T11:57:29","modified_gmt":"2023-08-16T08:57:29","slug":"izmir-aluminyum-servis-arabasi","status":"publish","type":"product","link":"https:\/\/olivagarden.com.tr\/fr\/izmir-aluminyum-servis-arabasi\/","title":{"rendered":"\u0130zmir Servis Arabas\u0131"},"content":{"rendered":"<p>\u25ba\u00d6M\u00dcR BOYU PASLANMAZLIK GARANT\u0130S\u0130<\/p>\n<p>\u25baG\u00dcNE\u015eE DAYANIKLI MATERYAL<\/p>\n<p>\u25baKOLAY TEM\u0130ZLENEB\u0130L\u0130R VE YIKANAB\u0130L\u0130R<\/p>\n<p>&nbsp;<\/p>\n<p>\u2022Al\u00fcminyum iskelet\u00a0 kullan\u0131lm\u0131\u015ft\u0131r.<\/p>\n<p>&nbsp;<\/p>\n<p>\u2022Elektrostatik toz f\u0131r\u0131n boya ile boyanan al\u00fcminyum\u00a0 iskelet; hafif\u00a0uzun \u00f6m\u00fcrl\u00fc\u00a0ve paslanmazd\u0131r.<\/p>\n<p>&nbsp;<\/p>\n<p>\u2022T\u00fcm \u00fcr\u00fcnlerimiz insan ergonomisine uygun; konfor,kalite,\u00a0uzun \u00f6m\u00fcrl\u00fc kullan\u0131m ve geri d\u00f6n\u00fc\u015f\u00fcm\u00a0g\u00f6z \u00f6n\u00fcne al\u0131narak tasarlanm\u0131\u015ft\u0131r.<\/p>\n<p>&nbsp;<\/p>\n<p>\u2022\u00dcretim a\u015famas\u0131 titizlikle y\u00fcr\u00fct\u00fclmekte ve kusursuz \u00fcr\u00fcnler kalite kontrolden ge\u00e7tikten sonra kullan\u0131ma sunulmaktad\u0131r.<\/p>\n<p>&nbsp;<\/p>\n<p>\u2022Bah\u00e7e, balkon, teras, havuz kenar\u0131 ve\u00a0sahil gibi t\u00fcm mekanlarda kullan\u0131m i\u00e7in uygundur.<\/p>\n","protected":false},"excerpt":{"rendered":"<p>Oliva Garden Bah\u00e7e ve Balkon Mobilyalar\u0131<\/p>\n","protected":false},"featured_media":48441,"comment_status":"open","ping_status":"closed","template":"","meta":{"_joinchat":[]},"product_brand":[],"product_cat":[293],"product_tag":[303],"class_list":{"0":"post-48440","1":"product","2":"type-product","3":"status-publish","4":"has-post-thumbnail","6":"product_cat-servis-arabasi","7":"product_tag-aluminyum-bahce-mobilyasi","9":"first","10":"instock","11":"taxable","12":"shipping-taxable","13":"product-type-variable"},"_links":{"self":[{"href":"https:\/\/olivagarden.com.tr\/fr\/wp-json\/wp\/v2\/product\/48440","targetHints":{"allow":["GET"]}}],"collection":[{"href":"https:\/\/olivagarden.com.tr\/fr\/wp-json\/wp\/v2\/product"}],"about":[{"href":"https:\/\/olivagarden.com.tr\/fr\/wp-json\/wp\/v2\/types\/product"}],"replies":[{"embeddable":true,"href":"https:\/\/olivagarden.com.tr\/fr\/wp-json\/wp\/v2\/comments?post=48440"}],"version-history":[{"count":2,"href":"https:\/\/olivagarden.com.tr\/fr\/wp-json\/wp\/v2\/product\/48440\/revisions"}],"predecessor-version":[{"id":52342,"href":"https:\/\/olivagarden.com.tr\/fr\/wp-json\/wp\/v2\/product\/48440\/revisions\/52342"}],"wp:featuredmedia":[{"embeddable":true,"href":"https:\/\/olivagarden.com.tr\/fr\/wp-json\/wp\/v2\/media\/48441"}],"wp:attachment":[{"href":"https:\/\/olivagarden.com.tr\/fr\/wp-json\/wp\/v2\/media?parent=48440"}],"wp:term":[{"taxonomy":"product_brand","embeddable":true,"href":"https:\/\/olivagarden.com.tr\/fr\/wp-json\/wp\/v2\/product_brand?post=48440"},{"taxonomy":"product_cat","embeddable":true,"href":"https:\/\/olivagarden.com.tr\/fr\/wp-json\/wp\/v2\/product_cat?post=48440"},{"taxonomy":"product_tag","embeddable":true,"href":"https:\/\/olivagarden.com.tr\/fr\/wp-json\/wp\/v2\/product_tag?post=48440"}],"curies":[{"name":"wp","href":"https:\/\/api.w.org\/{rel}","templated":true}]}}