{"id":52668,"date":"2023-09-06T15:04:24","date_gmt":"2023-09-06T12:04:24","guid":{"rendered":"https:\/\/olivagarden.com.tr\/?post_type=product&#038;p=52668"},"modified":"2025-12-07T16:33:00","modified_gmt":"2025-12-07T13:33:00","slug":"hr-oturma-grubu","status":"publish","type":"product","link":"https:\/\/olivagarden.com.tr\/fr\/hr-oturma-grubu\/","title":{"rendered":"HR Oturma Grubu"},"content":{"rendered":"<p>RATTAN \u00d6RG\u00dc<\/p>\n<p>\u00dcr\u00fcnlerimiz \u00f6zel \u00fcretim sentetik rattan \u00f6rg\u00fc ipleri ile \u00fcretilmektedir. Luce Garden bah\u00e7e mobilyas\u0131 \u00fcr\u00fcnleri alan\u0131nda d\u00fcnyada \u00f6nc\u00fc konumunda olan Wintec firmas\u0131 arac\u0131l\u0131\u011f\u0131yla ithal edilen \u00f6rg\u00fc ipleri ile \u00fcretilmektedir. \u0130thal edilen rattan \u00fcr\u00fcn\u00fc %97 pe (polietilen) malzemeden \u00fcretilmektedir.<\/p>\n<p>\u00dcretimde kullan\u0131lan rattan ipli\u011fin en \u00f6nemli \u00f6zelli\u011fi insan sa\u011fl\u0131\u011f\u0131na zararl\u0131 olmamas\u0131d\u0131r. \u00d6zel \u00f6rme tekni\u011fi ile \u00fcretilen, suya, ya\u011fmura, r\u00fczg\u00e2ra, neme, so\u011fu\u011fa ve g\u00fcne\u015fe dayan\u0131kl\u0131, UV katk\u0131l\u0131 \u00fcst s\u0131n\u0131f malzeme kullan\u0131lan rattan oturma gruplar\u0131 benzer bah\u00e7e mobilyas\u0131 \u00fcr\u00fcnleri ile kar\u015f\u0131la\u015ft\u0131r\u0131ld\u0131\u011f\u0131nda dayan\u0131kl\u0131l\u0131k konusunda \u00f6n plana \u00e7\u0131kmaktad\u0131r. \u00dcr\u00fcnlerimizde kullan\u0131lan sentetik rattan maddesi bah\u00e7e mobilyalar\u0131nda s\u0131k\u00e7a g\u00f6r\u00fclen b\u00f6ceklenme ve \u00e7\u00fcr\u00fcme gibi olumsuz durumlar\u0131n \u00f6n\u00fcne ge\u00e7mektedir. \u00dcr\u00fcn \u00e7atlama ve kurumaya kar\u015f\u0131 dayan\u0131kl\u0131l\u0131k testlerinden ba\u015far\u0131l\u0131 bir \u015fekilde ge\u00e7mi\u015ftir.<\/p>\n<p>BAKIM<\/p>\n<p>Sentetik rattan \u00f6rg\u00fc ipleri ile \u00fcretilen \u00fcr\u00fcnlerimizin \u00fczerinde herhangi bir katk\u0131 maddesi bulunmamaktad\u0131r. \u00d6rg\u00fc iplerimiz d\u0131\u015f etkenlere kar\u015f\u0131 sahip olduklar\u0131 koruma \u00f6zellikleri ile uzun s\u00fcreler boyunca ilk halini koruyabilmektedir. Ancak sahip oldu\u011funuz \u00fcr\u00fcn\u00fcz d\u00fczenli bak\u0131m\u0131n\u0131 yapmak kullan\u0131m \u00f6mr\u00fcn\u00fc uzatan \u00f6nemli bir etkendir.<\/p>\n<p>Rattan \u00fcr\u00fcnlerinin bak\u0131m periyotlar\u0131 \u00fcr\u00fcn\u00fcn kullan\u0131m alan\u0131na g\u00f6re de\u011fi\u015fiklik g\u00f6stermektedir. \u00d6zellikle do\u011frudan g\u00fcne\u015f \u0131\u015f\u0131\u011f\u0131yla temas\u0131 olan \u00fcr\u00fcnlerin bak\u0131m\u0131n\u0131n daha s\u0131k yap\u0131lmas\u0131 gerekmektedir.<\/p>\n<p>Rattan bah\u00e7e mobilyas\u0131 \u00fcr\u00fcnleri yaln\u0131zca su kullan\u0131larak nemli bir bez yard\u0131m\u0131yla kolayl\u0131kla temizlenebilmektedir. \u00dcr\u00fcnlerin temizli\u011finde kimyasal i\u00e7eren temizlik maddelerinden uzak durulmal\u0131, do\u011fal temizlik malzemeleri yaln\u0131zca gerekli g\u00f6r\u00fcld\u00fc\u011f\u00fcnde kullan\u0131lmal\u0131d\u0131r.<\/p>\n<p>AL\u00dcM\u0130NYUM \u0130SKELET<\/p>\n<p>\u00dcr\u00fcn iskelet yap\u0131s\u0131nda 40 43 normunda 1,5 mm ve 2,4 mm et kal\u0131nl\u0131\u011f\u0131nda de\u011fi\u015fik \u00e7aplarda iskelete uygun tam termikli al\u00fcminyum kullan\u0131lmaktad\u0131r. \u0130skeletin par\u00e7alar\u0131n\u0131n birle\u015ftirilmesinde mig kayna\u011f\u0131 (punta at\u0131larak) birle\u015ftirme yap\u0131l\u0131r. Birle\u015fim yerleri ayr\u0131ca tig kayna\u011f\u0131 ile kalan bo\u015fluklar\u0131 tik tel ekleyerek sa\u011flamla\u015ft\u0131r\u0131l\u0131r ve fazlal\u0131k kaynak par\u00e7alar\u0131 ta\u015flanarak boyama i\u015flemine haz\u0131r hale getirilir.<\/p>\n<p>Boyama i\u015flemi uygulanmadan \u00f6nce al\u00fcminyumun oksitlenmesi ve boyan\u0131n tam olarak iskelete yap\u0131\u015fmas\u0131 i\u00e7in kromatlama yani p\u00fcr\u00fczs\u00fcz olan al\u00fcminyum y\u00fczeyini mikron \u00f6l\u00e7\u00fcde p\u00fcr\u00fczl\u00fc hale getirilmesi i\u015flemi yap\u0131larak kurutma f\u0131r\u0131n\u0131na girer, kurutma f\u0131r\u0131n\u0131ndan \u00e7\u0131kan iskelet d\u0131\u015f mek\u00e2na uygun silikon bazl\u0131 elektrostatik boya at\u0131larak 200 derecelik boya f\u0131r\u0131n\u0131nda yeterli zaman bekletilir ve iskeletimiz \u00f6r\u00fclmeye haz\u0131r hale gelir.<\/p>\n<p>Rattan malzemenin al\u00fcminyum iskelete tutturmak i\u00e7in \u00e7e\u015fitli uzunluklarda testere di\u015fli \u00e7elik z\u0131mba teli kullan\u0131lmaktad\u0131r. Ayr\u0131ca \u00fcr\u00fcn \u00fczerindeki \u00f6rg\u00fclerde 19 mm uzunlu\u011funda paslanmaz olarak \u00f6zel \u00fcretim testere di\u015fli \u00e7iviler kullan\u0131lmaktad\u0131r. \u00d6rg\u00fc i\u015flemi tamamlanan \u00fcr\u00fcnlerin ayak k\u0131s\u0131mlar\u0131na 32 mm \u00e7ap\u0131nda paslanmaz malzemeden koruyucu tak\u0131lmaktad\u0131r.<\/p>\n<p>S\u00dcNGER<\/p>\n<p>Oturma ve s\u0131rt minderlerinde kullan\u0131lan poli\u00fcretan malzeme ile \u00fcretimi ger\u00e7ekle\u015ftirilen s\u00fcngerler, d\u00fczensiz h\u00fccre yap\u0131lar\u0131 sayesinde rahat bir oturum sa\u011flamaktad\u0131r. Oturma ve s\u0131rt alan\u0131nda bas\u0131nc\u0131 absorbe eden yap\u0131lar\u0131 ile s\u00fcngerler, standart s\u00fcngerlere g\u00f6re uzun s\u00fcre boyunca kalitesini korumaktad\u0131r.<\/p>\n<p>S\u00dcNGER TEKN\u0130K \u00d6ZELL\u0130KLER\u0130<\/p>\n<p>S\u00fcnger Kal\u0131nl\u0131\u011f\u0131:\u00a0\u00a0\u00a0\u00a0\u00a0\u00a010 cm<\/p>\n<p>Dansite kg\/m\u00b3 (ISO 1855):\u00a0\u00a0\u00a0\u00a0\u00a0\u00a0\u00a0\u00a0\u00a0\u00a032 \u00b1 1<\/p>\n<p>SAG Fakt\u00f6r\u00fc (ISO 2439):\u00a0\u2265 2<\/p>\n<p>Geri \u0130tme % (ISO 2439):\u00a0\u00a0\u00a0\u00a0\u00a0\u00a0\u00a0\u00a0\u00a0\u00a0\u00a0\u00a0\u00a0\u2265 50<\/p>\n<p>Sertlik N ISO 2439 (ILD %40):\u00a0\u00a0\u00a0\u00a0\u00a0130-170<\/p>\n<p>Gerilme Direnci Kpa (ISO 1798):\u00a0\u00a0\u00a0\u00a0\u00a0\u00a0\u00a0\u00a0\u00a0\u00a0\u00a0\u00a0\u00a0\u2265 80<\/p>\n<p>Kopma &#8211; Uzama % (ISO 1798):\u00a0\u00a0\u00a0\u00a0\u2265 100<\/p>\n<p>Y\u0131rt\u0131lma M\u0131kavemeti N\/cm ASTM D 3574:\u00a0\u00a0\u00a0\u00a0\u00a0\u00a0\u00a0\u00a0\u00a0\u00a0\u00a0\u2265 3<\/p>\n<p>Deformasyon % (ISO 3385) \u2013 Sertlik:\u00a0\u00a0\u00a0\u00a0\u00a0\u00a0\u2264 25<\/p>\n<p>Deformasyon % (ISO 3385) \u2013 Kal\u0131nl\u0131k:\u00a0\u00a0\u00a0\u00a0\u00a0\u2264 5<\/p>\n<p>KUMA\u015e<\/p>\n<p>\u00dcr\u00fcnlerimizin tamam\u0131nda \u00fcst s\u0131n\u0131f Galia kuma\u015f\u0131 kullan\u0131lmaktad\u0131r. D\u0131\u015f mekan kullan\u0131m\u0131na uygun olefin iplik yap\u0131s\u0131 sayesinde kuma\u015flar kolay temizlenebilmektedir. \u00dcr\u00fcnlerde kullan\u0131lan kuma\u015flarda t\u00fcm d\u0131\u015f mekan ko\u015fullar\u0131na kar\u015f\u0131 su ge\u00e7irmezlik \u00f6zelli\u011fi mevcuttur. \u00dcr\u00fcnlerimizde kullan\u0131lan kuma\u015f \u0131\u015f\u0131k, hava durumu ko\u015fullar\u0131, UV, y\u0131k\u0131ma, deniz suyu, havuz suyu ve \u00e7izilme kar\u015f\u0131t\u0131 7 farkl\u0131 testten ba\u015far\u0131yla ge\u00e7mi\u015ftir.<\/p>\n<p>KUMA\u015e TEKN\u0130K \u00d6ZELL\u0130KLER<\/p>\n<p>Dokuma: %100 Olefin<\/p>\n<p>\u00d6zellik:\u00a0\u00a0Su \u0130tici Kuma\u015f<\/p>\n<p>Garanti (y\u0131l): 2<\/p>\n<p>Solmazl\u0131k (y\u0131l): 2<\/p>\n<p>Su ve Ya\u011f \u0130ticilik: Var<\/p>\n<p>Alevlenme: Alevlenme Kar\u015f\u0131t\u0131<\/p>\n<p>Anti bakteriyel: Evet<\/p>\n<p>UV Koruma: Var<\/p>\n<p>I\u015f\u0131k Korumas\u0131: Var<\/p>\n<p>Deniz ve Havuz Suyu Korumas\u0131: Var<\/p>\n<p>\u00c7izilme Kar\u015f\u0131t\u0131 Koruma: var<\/p>\n<p>KUMA\u015e TEM\u0130ZL\u0130K TAL\u0130MATI<\/p>\n<p>1) 30\u00b0 C&rsquo; de y\u0131kan\u0131r.<\/p>\n<p>2) Kuru temizleme yap\u0131labilir.<\/p>\n<p>3) \u00dct\u00fc yap\u0131lamaz.<\/p>\n<p>4) D\u00fc\u015f\u00fck \u0131s\u0131da makinada kurutulur.<\/p>\n<p>M\u0130NDER<\/p>\n<p>Gelincik Rattan Koltuk Tak\u0131m\u0131 ile birlikte gelen minderlerde yo\u011fun dolgu maddeli s\u00fcngerler kullan\u0131larak sizin ve misafirlerinizin konforlu ve kaliteli vakit ge\u00e7irmesi garanti alt\u0131na al\u0131nmaktad\u0131r. Minderler su itici \u00f6zelli\u011finin yan\u0131 s\u0131ra kolay silinebilir ve y\u0131kanabilir malzemelerden \u00fcretilmektedir.<\/p>\n<p>KULLANIM B\u0130LG\u0130S\u0130<\/p>\n<p>Al\u00fcminyum iskelet \u00fczerine tamam\u0131 el i\u015f\u00e7ili\u011fi ile \u00fcretilen rattan oturma grubu bah\u00e7e, teras, havuz kenar\u0131, veranda ve k\u0131\u015f bah\u00e7esi gibi farkl\u0131 noktalarda kullan\u0131lmak i\u00e7in uygundur.<\/p>\n<p>Rattan bah\u00e7e mobilyas\u0131 \u00fcr\u00fcnlerimiz farkl\u0131 renk se\u00e7enekleri ile birlikte \u00fcretilmektedir.<\/p>\n","protected":false},"excerpt":{"rendered":"<p>Oliva Garden Bah\u00e7e ve Balkon Mobilyalar\u0131<\/p>\n","protected":false},"featured_media":52669,"comment_status":"open","ping_status":"closed","template":"","meta":{"_joinchat":[]},"product_brand":[],"product_cat":[159],"product_tag":[304],"class_list":{"0":"post-52668","1":"product","2":"type-product","3":"status-publish","4":"has-post-thumbnail","6":"product_cat-uclu-koltuk-takimi","7":"product_tag-rattan-bahce-mobilyasi","9":"first","10":"instock","11":"taxable","12":"shipping-taxable","13":"product-type-variable"},"_links":{"self":[{"href":"https:\/\/olivagarden.com.tr\/fr\/wp-json\/wp\/v2\/product\/52668","targetHints":{"allow":["GET"]}}],"collection":[{"href":"https:\/\/olivagarden.com.tr\/fr\/wp-json\/wp\/v2\/product"}],"about":[{"href":"https:\/\/olivagarden.com.tr\/fr\/wp-json\/wp\/v2\/types\/product"}],"replies":[{"embeddable":true,"href":"https:\/\/olivagarden.com.tr\/fr\/wp-json\/wp\/v2\/comments?post=52668"}],"version-history":[{"count":1,"href":"https:\/\/olivagarden.com.tr\/fr\/wp-json\/wp\/v2\/product\/52668\/revisions"}],"predecessor-version":[{"id":52689,"href":"https:\/\/olivagarden.com.tr\/fr\/wp-json\/wp\/v2\/product\/52668\/revisions\/52689"}],"wp:featuredmedia":[{"embeddable":true,"href":"https:\/\/olivagarden.com.tr\/fr\/wp-json\/wp\/v2\/media\/52669"}],"wp:attachment":[{"href":"https:\/\/olivagarden.com.tr\/fr\/wp-json\/wp\/v2\/media?parent=52668"}],"wp:term":[{"taxonomy":"product_brand","embeddable":true,"href":"https:\/\/olivagarden.com.tr\/fr\/wp-json\/wp\/v2\/product_brand?post=52668"},{"taxonomy":"product_cat","embeddable":true,"href":"https:\/\/olivagarden.com.tr\/fr\/wp-json\/wp\/v2\/product_cat?post=52668"},{"taxonomy":"product_tag","embeddable":true,"href":"https:\/\/olivagarden.com.tr\/fr\/wp-json\/wp\/v2\/product_tag?post=52668"}],"curies":[{"name":"wp","href":"https:\/\/api.w.org\/{rel}","templated":true}]}}