{"id":53079,"date":"2023-09-07T13:01:46","date_gmt":"2023-09-07T10:01:46","guid":{"rendered":"https:\/\/olivagarden.com.tr\/?post_type=product&#038;p=53079"},"modified":"2025-12-07T16:32:36","modified_gmt":"2025-12-07T13:32:36","slug":"gunes-oturma-grubu","status":"publish","type":"product","link":"https:\/\/olivagarden.com.tr\/fr\/gunes-oturma-grubu\/","title":{"rendered":"G\u00fcne\u015f Oturma Grubu"},"content":{"rendered":"","protected":false},"excerpt":{"rendered":"<p>Oliva Garden Bah\u00e7e ve Balkon Mobilyalar\u0131<\/p>\n","protected":false},"featured_media":53080,"comment_status":"open","ping_status":"closed","template":"","meta":{"_joinchat":[]},"product_brand":[],"product_cat":[159],"product_tag":[306],"class_list":{"0":"post-53079","1":"product","2":"type-product","3":"status-publish","4":"has-post-thumbnail","6":"product_cat-uclu-koltuk-takimi","7":"product_tag-ahsap-bahce-mobilyasi","9":"first","10":"instock","11":"taxable","12":"shipping-taxable","13":"product-type-simple"},"_links":{"self":[{"href":"https:\/\/olivagarden.com.tr\/fr\/wp-json\/wp\/v2\/product\/53079","targetHints":{"allow":["GET"]}}],"collection":[{"href":"https:\/\/olivagarden.com.tr\/fr\/wp-json\/wp\/v2\/product"}],"about":[{"href":"https:\/\/olivagarden.com.tr\/fr\/wp-json\/wp\/v2\/types\/product"}],"replies":[{"embeddable":true,"href":"https:\/\/olivagarden.com.tr\/fr\/wp-json\/wp\/v2\/comments?post=53079"}],"version-history":[{"count":3,"href":"https:\/\/olivagarden.com.tr\/fr\/wp-json\/wp\/v2\/product\/53079\/revisions"}],"predecessor-version":[{"id":53456,"href":"https:\/\/olivagarden.com.tr\/fr\/wp-json\/wp\/v2\/product\/53079\/revisions\/53456"}],"wp:featuredmedia":[{"embeddable":true,"href":"https:\/\/olivagarden.com.tr\/fr\/wp-json\/wp\/v2\/media\/53080"}],"wp:attachment":[{"href":"https:\/\/olivagarden.com.tr\/fr\/wp-json\/wp\/v2\/media?parent=53079"}],"wp:term":[{"taxonomy":"product_brand","embeddable":true,"href":"https:\/\/olivagarden.com.tr\/fr\/wp-json\/wp\/v2\/product_brand?post=53079"},{"taxonomy":"product_cat","embeddable":true,"href":"https:\/\/olivagarden.com.tr\/fr\/wp-json\/wp\/v2\/product_cat?post=53079"},{"taxonomy":"product_tag","embeddable":true,"href":"https:\/\/olivagarden.com.tr\/fr\/wp-json\/wp\/v2\/product_tag?post=53079"}],"curies":[{"name":"wp","href":"https:\/\/api.w.org\/{rel}","templated":true}]}}