{"id":53386,"date":"2023-09-08T10:41:53","date_gmt":"2023-09-08T07:41:53","guid":{"rendered":"https:\/\/olivagarden.com.tr\/?post_type=product&#038;p=53386"},"modified":"2023-09-08T10:44:13","modified_gmt":"2023-09-08T07:44:13","slug":"boy-aynasi-2","status":"publish","type":"product","link":"https:\/\/olivagarden.com.tr\/fr\/boy-aynasi-2\/","title":{"rendered":"Boy Aynas\u0131"},"content":{"rendered":"","protected":false},"excerpt":{"rendered":"<p>Oliva Garden Bah\u00e7e ve Balkon Mobilyalar\u0131<\/p>\n","protected":false},"featured_media":53387,"comment_status":"open","ping_status":"closed","template":"","meta":{"_joinchat":[]},"product_brand":[],"product_cat":[83],"product_tag":[305],"class_list":{"0":"post-53386","1":"product","2":"type-product","3":"status-publish","4":"has-post-thumbnail","6":"product_cat-aksesuar","7":"product_tag-bambu-bahce-mobilyasi","9":"first","10":"instock","11":"taxable","12":"shipping-taxable","13":"product-type-simple"},"_links":{"self":[{"href":"https:\/\/olivagarden.com.tr\/fr\/wp-json\/wp\/v2\/product\/53386","targetHints":{"allow":["GET"]}}],"collection":[{"href":"https:\/\/olivagarden.com.tr\/fr\/wp-json\/wp\/v2\/product"}],"about":[{"href":"https:\/\/olivagarden.com.tr\/fr\/wp-json\/wp\/v2\/types\/product"}],"replies":[{"embeddable":true,"href":"https:\/\/olivagarden.com.tr\/fr\/wp-json\/wp\/v2\/comments?post=53386"}],"version-history":[{"count":1,"href":"https:\/\/olivagarden.com.tr\/fr\/wp-json\/wp\/v2\/product\/53386\/revisions"}],"predecessor-version":[{"id":53395,"href":"https:\/\/olivagarden.com.tr\/fr\/wp-json\/wp\/v2\/product\/53386\/revisions\/53395"}],"wp:featuredmedia":[{"embeddable":true,"href":"https:\/\/olivagarden.com.tr\/fr\/wp-json\/wp\/v2\/media\/53387"}],"wp:attachment":[{"href":"https:\/\/olivagarden.com.tr\/fr\/wp-json\/wp\/v2\/media?parent=53386"}],"wp:term":[{"taxonomy":"product_brand","embeddable":true,"href":"https:\/\/olivagarden.com.tr\/fr\/wp-json\/wp\/v2\/product_brand?post=53386"},{"taxonomy":"product_cat","embeddable":true,"href":"https:\/\/olivagarden.com.tr\/fr\/wp-json\/wp\/v2\/product_cat?post=53386"},{"taxonomy":"product_tag","embeddable":true,"href":"https:\/\/olivagarden.com.tr\/fr\/wp-json\/wp\/v2\/product_tag?post=53386"}],"curies":[{"name":"wp","href":"https:\/\/api.w.org\/{rel}","templated":true}]}}