{"id":54605,"date":"2026-04-19T17:03:57","date_gmt":"2026-04-19T14:03:57","guid":{"rendered":"https:\/\/olivagarden.com.tr\/?post_type=product&#038;p=54605"},"modified":"2026-04-19T17:03:57","modified_gmt":"2026-04-19T14:03:57","slug":"alex-kose-takimi","status":"publish","type":"product","link":"https:\/\/olivagarden.com.tr\/fr\/alex-kose-takimi\/","title":{"rendered":"Alex K\u00f6\u015fe Tak\u0131m\u0131"},"content":{"rendered":"","protected":false},"excerpt":{"rendered":"","protected":false},"featured_media":54606,"comment_status":"open","ping_status":"closed","template":"","meta":{"_joinchat":[]},"product_brand":[],"product_cat":[78,77],"product_tag":[],"class_list":{"0":"post-54605","1":"product","2":"type-product","3":"status-publish","4":"has-post-thumbnail","6":"product_cat-oturma-grubu","7":"product_cat-kose-takimi","9":"first","10":"instock","11":"taxable","12":"shipping-taxable","13":"product-type-simple"},"_links":{"self":[{"href":"https:\/\/olivagarden.com.tr\/fr\/wp-json\/wp\/v2\/product\/54605","targetHints":{"allow":["GET"]}}],"collection":[{"href":"https:\/\/olivagarden.com.tr\/fr\/wp-json\/wp\/v2\/product"}],"about":[{"href":"https:\/\/olivagarden.com.tr\/fr\/wp-json\/wp\/v2\/types\/product"}],"replies":[{"embeddable":true,"href":"https:\/\/olivagarden.com.tr\/fr\/wp-json\/wp\/v2\/comments?post=54605"}],"version-history":[{"count":2,"href":"https:\/\/olivagarden.com.tr\/fr\/wp-json\/wp\/v2\/product\/54605\/revisions"}],"predecessor-version":[{"id":54622,"href":"https:\/\/olivagarden.com.tr\/fr\/wp-json\/wp\/v2\/product\/54605\/revisions\/54622"}],"wp:featuredmedia":[{"embeddable":true,"href":"https:\/\/olivagarden.com.tr\/fr\/wp-json\/wp\/v2\/media\/54606"}],"wp:attachment":[{"href":"https:\/\/olivagarden.com.tr\/fr\/wp-json\/wp\/v2\/media?parent=54605"}],"wp:term":[{"taxonomy":"product_brand","embeddable":true,"href":"https:\/\/olivagarden.com.tr\/fr\/wp-json\/wp\/v2\/product_brand?post=54605"},{"taxonomy":"product_cat","embeddable":true,"href":"https:\/\/olivagarden.com.tr\/fr\/wp-json\/wp\/v2\/product_cat?post=54605"},{"taxonomy":"product_tag","embeddable":true,"href":"https:\/\/olivagarden.com.tr\/fr\/wp-json\/wp\/v2\/product_tag?post=54605"}],"curies":[{"name":"wp","href":"https:\/\/api.w.org\/{rel}","templated":true}]}}